{"id":1062,"date":"2026-02-16T19:20:11","date_gmt":"2026-02-16T18:20:11","guid":{"rendered":"http:\/\/alumno12.shopenlaces.com.es\/alumno12wp\/?page_id=1062"},"modified":"2026-02-16T19:31:10","modified_gmt":"2026-02-16T18:31:10","slug":"acciones-sociales","status":"publish","type":"page","link":"http:\/\/alumno12.shopenlaces.com.es\/alumno12wp\/acciones-sociales\/","title":{"rendered":"Acciones Sociales"},"content":{"rendered":"\n<p>En <strong>Camina<\/strong> creemos que la moda tambi\u00e9n puede ayudar.<br>Por eso lanzamos nuestra <strong>campa\u00f1a de recogida de prendas solidarias<\/strong>, destinada a apoyar a las personas que m\u00e1s lo necesitan.<\/p>\n\n\n\n<p>Invitamos a todos nuestros clientes y vecinos a colaborar donando ropa en buen estado: abrigos, pantalones, camisetas, calzado y prendas infantiles. Cada prenda puede marcar una diferencia real en la vida de alguien.<\/p>\n\n\n\n<p>\ud83d\udccd Punto de recogida: Tienda Camina<br>\ud83d\udcc5 Durante todo este mes<br>\ud83e\udd1d Las prendas ser\u00e1n entregadas a organizaciones locales que trabajan con familias necesitadas.<\/p>\n\n\n\n<p>Gracias por caminar con nosotros en esta iniciativa solidaria.<br><strong>Juntos podemos ayudar m\u00e1s.<\/strong><br>#CaminaSolidaria #ModaQueAyuda #DonarEsCompartir<\/p>\n\n\n\n<div class=\"wp-block-stackable-image stk-block-image stk-block stk-4c3133e\" data-block-id=\"4c3133e\"><style>.stk-4c3133e .stk-img-wrapper{width:688px !important;height:400px !important;}<\/style><figure><span class=\"stk-img-wrapper stk-image--shape-stretch\"><img loading=\"lazy\" decoding=\"async\" class=\"stk-img wp-image-1063\" src=\"http:\/\/alumno12.shopenlaces.com.es\/alumno12wp\/wp-content\/uploads\/2026\/02\/Captura-16.jpg\" width=\"623\" height=\"407\" srcset=\"http:\/\/alumno12.shopenlaces.com.es\/alumno12wp\/wp-content\/uploads\/2026\/02\/Captura-16.jpg 623w, http:\/\/alumno12.shopenlaces.com.es\/alumno12wp\/wp-content\/uploads\/2026\/02\/Captura-16-300x196.jpg 300w\" sizes=\"auto, (max-width: 623px) 100vw, 623px\" \/><\/span><\/figure><\/div>\n","protected":false},"excerpt":{"rendered":"<p>En Camina creemos que la moda tambi\u00e9n puede ayudar.Por eso lanzamos nuestra campa\u00f1a de recogida de prendas solidarias, destinada a apoyar a las personas que m\u00e1s lo necesitan. Invitamos a todos nuestros clientes y vecinos a colaborar donando ropa en buen estado: abrigos, pantalones, camisetas, calzado y prendas infantiles. Cada prenda puede marcar una diferencia [&hellip;]<\/p>\n","protected":false},"author":1,"featured_media":0,"parent":0,"menu_order":0,"comment_status":"closed","ping_status":"closed","template":"","meta":{"footnotes":""},"class_list":["post-1062","page","type-page","status-publish","hentry"],"blocksy_meta":[],"_links":{"self":[{"href":"http:\/\/alumno12.shopenlaces.com.es\/alumno12wp\/wp-json\/wp\/v2\/pages\/1062","targetHints":{"allow":["GET"]}}],"collection":[{"href":"http:\/\/alumno12.shopenlaces.com.es\/alumno12wp\/wp-json\/wp\/v2\/pages"}],"about":[{"href":"http:\/\/alumno12.shopenlaces.com.es\/alumno12wp\/wp-json\/wp\/v2\/types\/page"}],"author":[{"embeddable":true,"href":"http:\/\/alumno12.shopenlaces.com.es\/alumno12wp\/wp-json\/wp\/v2\/users\/1"}],"replies":[{"embeddable":true,"href":"http:\/\/alumno12.shopenlaces.com.es\/alumno12wp\/wp-json\/wp\/v2\/comments?post=1062"}],"version-history":[{"count":2,"href":"http:\/\/alumno12.shopenlaces.com.es\/alumno12wp\/wp-json\/wp\/v2\/pages\/1062\/revisions"}],"predecessor-version":[{"id":1066,"href":"http:\/\/alumno12.shopenlaces.com.es\/alumno12wp\/wp-json\/wp\/v2\/pages\/1062\/revisions\/1066"}],"wp:attachment":[{"href":"http:\/\/alumno12.shopenlaces.com.es\/alumno12wp\/wp-json\/wp\/v2\/media?parent=1062"}],"curies":[{"name":"wp","href":"https:\/\/api.w.org\/{rel}","templated":true}]}}